{"id":39,"date":"2020-10-17T09:04:24","date_gmt":"2020-10-17T09:04:24","guid":{"rendered":"https:\/\/lonkilan.netfinn.info\/wp\/?page_id=39"},"modified":"2020-10-28T11:58:28","modified_gmt":"2020-10-28T11:58:28","slug":"nain-saavut-meille","status":"publish","type":"page","link":"https:\/\/www.lonkilanlomat.com\/?page_id=39","title":{"rendered":"N\u00e4in saavut meille"},"content":{"rendered":"\n<p><strong>Ajo-ohje Etel\u00e4-Suomesta<\/strong><\/p>\n\n\n\n<p>Helsinki-Lahti moottoritiet\u00e4 E75\/4 ajetaan Heinolan Lusiin 144km. Lusista samaa tiet\u00e4 E75\/4 Joutsan kautta Toivakan Viisarim\u00e4keen 93km. Oikealle viitat Toivakka 4, Lievestuore 24, Kuopio 145, ajetaan tiet\u00e4 nro 618 Toivakan keskustan kautta 17,3 km tielle nro 13. T-risteyksest\u00e4 tiet\u00e4 nro 13 ajetaan Lievestuoren suuntaan 6,5 km. Risteyksest\u00e4 oikealle viitta Kuopio 121, ajetaan E63\/9 tiet\u00e4 71,0 km Suonenjoelle.<\/p>\n\n\n\n<p>Suonenjoelta ajetaan tiet\u00e4 nro 548 Karttulan suuntaan 30,7 km. T-risteyksest\u00e4 ajetaan vasemmalle tiet\u00e4 nro 551 Karttulan Hatunkiven risteykseen 6,0 km. Hatunkivest\u00e4 ajetaan tiet\u00e4 nro 554 Pielaveden S\u00e4vi\u00e4lle 39,5 km.<\/p>\n\n\n\n<p>S\u00e4vi\u00e4lt\u00e4 k\u00e4\u00e4nnyt\u00e4\u00e4n oikealle, viitat Kuopio 82, Pielavesi 9, tiet\u00e4 77 ajetaan 6,1 km. Vasemmalle viitat Iisalmi 58, Kiuruvesi 57, Pielavesi 4, ajetaan 2,7 km Urho Kekkosentiet\u00e4 nro 5572 (Tien varressa Urho Kekkosen syntym\u00e4koti Lepikon torppa). T-risteyksess\u00e4 vasemmalle viitat Iisalmi 54, Kiuruvesi 55, ajetaan tiet\u00e4 nro 561 Pajulaan 23,4 km. Vasemmalle viitta Nousiala 4, tiet\u00e4 ajetaan 4,0 km, oikealle viitta Salmenkyl\u00e4 5, Koskentiet\u00e4 ajetaan Rytkyyn 10,0 km.<\/p>\n\n\n\n<p>Sillan j\u00e4lkeen ajetaan 880 m oikealle Rytkyntiet\u00e4 nro 5613. Vasemmalle viitat Toiviaiskyl\u00e4 7, Hoitokoti Rytkynhelmi, Kaarteenper\u00e4ntie, ajetaan tiet\u00e4 6,85 km. Vasemmalle viitta Lonkilan Lomat 75. Ajetaan noin 200 m, jonka j\u00e4lkeen saavutte m\u00f6kin pihaan, jossa omistaja odottaa teit\u00e4.<br><br>Tulostettava versio:<br><a href=\"https:\/\/lonkilan.netfinn.info\/Ajo-ohje.pdf\" data-type=\"URL\" data-id=\"https:\/\/lonkilan.netfinn.info\/Ajo-ohje.pdf\" target=\"_blank\" rel=\"noreferrer noopener\">Ajo-ohje.pdf<\/a><\/p>\n","protected":false},"excerpt":{"rendered":"<div class=\"mh-excerpt\"><p>Ajo-ohje Etel\u00e4-Suomesta Helsinki-Lahti moottoritiet\u00e4 E75\/4 ajetaan Heinolan Lusiin 144km. Lusista samaa tiet\u00e4 E75\/4 Joutsan kautta Toivakan Viisarim\u00e4keen 93km. Oikealle viitat Toivakka 4, Lievestuore 24, Kuopio <a class=\"mh-excerpt-more\" href=\"https:\/\/www.lonkilanlomat.com\/?page_id=39\" title=\"N\u00e4in saavut meille\">[&#8230;]<\/a><\/p>\n<\/div>","protected":false},"author":1,"featured_media":0,"parent":0,"menu_order":0,"comment_status":"closed","ping_status":"closed","template":"","meta":{"ngg_post_thumbnail":0},"_links":{"self":[{"href":"https:\/\/www.lonkilanlomat.com\/index.php?rest_route=\/wp\/v2\/pages\/39"}],"collection":[{"href":"https:\/\/www.lonkilanlomat.com\/index.php?rest_route=\/wp\/v2\/pages"}],"about":[{"href":"https:\/\/www.lonkilanlomat.com\/index.php?rest_route=\/wp\/v2\/types\/page"}],"author":[{"embeddable":true,"href":"https:\/\/www.lonkilanlomat.com\/index.php?rest_route=\/wp\/v2\/users\/1"}],"replies":[{"embeddable":true,"href":"https:\/\/www.lonkilanlomat.com\/index.php?rest_route=%2Fwp%2Fv2%2Fcomments&post=39"}],"version-history":[{"count":3,"href":"https:\/\/www.lonkilanlomat.com\/index.php?rest_route=\/wp\/v2\/pages\/39\/revisions"}],"predecessor-version":[{"id":171,"href":"https:\/\/www.lonkilanlomat.com\/index.php?rest_route=\/wp\/v2\/pages\/39\/revisions\/171"}],"wp:attachment":[{"href":"https:\/\/www.lonkilanlomat.com\/index.php?rest_route=%2Fwp%2Fv2%2Fmedia&parent=39"}],"curies":[{"name":"wp","href":"https:\/\/api.w.org\/{rel}","templated":true}]}}