{"id":18,"date":"2020-10-17T08:35:56","date_gmt":"2020-10-17T08:35:56","guid":{"rendered":"https:\/\/lonkilan.netfinn.info\/wp\/?page_id=18"},"modified":"2020-10-28T14:32:34","modified_gmt":"2020-10-28T14:32:34","slug":"vuokramokit","status":"publish","type":"page","link":"https:\/\/www.lonkilanlomat.com\/?page_id=18","title":{"rendered":"Vuokram\u00f6kit"},"content":{"rendered":"\n<p>Lonkilan lomilla on vuokrattavana kaksi huvilaa Kiuruvedell\u00e4 Toiviaisj\u00e4rven rannalla. <br>Huvilat sijaitsevat vierekk\u00e4isill\u00e4 tonteilla aivan j\u00e4rven tuntumassa, huvilat sijaitsevat upealla paikalla ilta-auringon puolella.<br>Molemmat huvilat on suunniteltu my\u00f6s liikuntarajoitteisille.<br>Huviloiden lis\u00e4ksi pihapiiriss\u00e4 on kaksi kahden hengen y\u00f6pymisaittaa sek\u00e4 savusauna, jotka ovat my\u00f6s vuokrattavissa.<\/p>\n\n\n\n<figure class=\"wp-block-table\"><table><tbody><tr><td><img src=\"https:\/\/www.lonkilanlomat.com\/wp-content\/uploads\/2020\/10\/kallioniemi_pieni-5.jpg\" alt=\"Kallioniemi\"><br><strong>Kallioniemi<\/strong><br>Kallioniemi on vuonna 2001 rakennettu 5 t\u00e4hden luokituksen omaava huvila Kiuruvedell\u00e4 Toiviasj\u00e4rven rannalla. Alakerta on suunniteltu my\u00f6s liikuntarajoitteisille.<br><br>Rakennusvuosi 2001 <br>Vuodepaikat 6+5 <br>Asuinpinta-ala 139m<sup>2<\/sup> <br>Tontti 10 000m<sup>2<\/sup> <br><br><strong>Varustelu<\/strong>:<br>Astianpesukone<br>J\u00e4\u00e4kaappi-pakastin<br>Pyykinpesukone<br>Kahvinkeitin<br>Vedenkeitin<br>Mikroaaltouuni<br>Televisio 2x (32&#8243; ja 32&#8243;)<br>DVD-soitin<br>CD-soitin<br>Puul\u00e4mmitteinen takka<br>Hiustenkuivain<br>Takka-leivinuuni<br>Ilmal\u00e4mp\u00f6pumppu yl\u00e4- ja alakerrassa<br>Puul\u00e4mmitteinen sis\u00e4sauna<br>Grillikota<br><br><br><br><strong>Et\u00e4isyydet<\/strong>:<br>Rantaan 20m<br>Ladulle 40m<br>Naapuriin 100m<br>Kiuruveden keskustaan 15km<br><br><strong>Muuta<\/strong>:<br>Hiekkaranta<br>Rantaviivaa 50m<br>Laituri<br><br><strong>Vuokrattavissa erikseen<\/strong>:<br>2hv per\u00e4moottori (Vene kuuluu vuokraan)<br>Savusauna<br>Polkupy\u00f6r\u00e4t<br>Palju<br><br><\/td><td><img src=\"https:\/\/www.lonkilanlomat.com\/wp-content\/uploads\/2020\/10\/kurrela_pieni-3.jpg\" alt=\"\"><br><strong>Kurrela <\/strong><br>Kurrela on lokakuussa 2007 valmistunut 152m<sup>2<\/sup> kokoinen viiden t\u00e4hden huvila. Talon alakerta on suunniteltu my\u00f6s liikuntarajoitteisille.<br> <a href=\"http:\/\/www.lonkilanlomat.com\/dokumentit\/Kurrela.pdf\">> Avaa pohjapiirros<\/a><br><br>Rakennusvuosi 2007 <a href=\"http:\/\/www.lonkilanlomat.com\/images\/tilakuvat\/kurrelab.jpg\"><\/a> <br>Vuodepaikat 9+3 <br>Asuinpinta-ala 152m<sup>2<\/sup><br>Tontti 10 000m<sup>2<\/sup> <br><br><strong>Varustelu<\/strong>:<br>Astianpesukone<br>J\u00e4\u00e4kaappi-pakastin<br>Pyykinpesukone<br>Kahvinkeitin<br>Vedenkeitin<br>Mikroaaltouuni<br>Televisio 2x (40&#8243; ja 32&#8243;)<br>DVD-soitin<br>CD-soitin<br>Hiustenkuivain<br>Puul\u00e4mmitteinen takka<br>Takka-leivinuuni<br>Ilmal\u00e4mp\u00f6pumppu yl\u00e4- ja alakerrassa<br>Puul\u00e4mmitteinen sis\u00e4sauna<br>Grillikota<br><br><strong>Et\u00e4isyydet<\/strong>:<br>Rantaan 40m<br>Ladulle 40m<br>Naapuriin 100m<br>Kiuruveden keskustaan 15km<br><br><strong>Muuta<\/strong>:<br>Hiekkaranta<br>Rantaviivaa 50m<br>Laituri<br><br><strong>Vuokrattavissa erikseen<\/strong>:<br>2hv per\u00e4moottori (Vene kuuluu vuokraan)<br>Oma rantasauna<br>Savusauna<br>Polkupy\u00f6r\u00e4t<br>Palju<br><br><\/td><\/tr><tr><td><\/td><\/tr><\/tbody><\/table><\/figure>\n","protected":false},"excerpt":{"rendered":"<div class=\"mh-excerpt\"><p>Lonkilan lomilla on vuokrattavana kaksi huvilaa Kiuruvedell\u00e4 Toiviaisj\u00e4rven rannalla. Huvilat sijaitsevat vierekk\u00e4isill\u00e4 tonteilla aivan j\u00e4rven tuntumassa, huvilat sijaitsevat upealla paikalla ilta-auringon puolella.Molemmat huvilat on suunniteltu <a class=\"mh-excerpt-more\" href=\"https:\/\/www.lonkilanlomat.com\/?page_id=18\" title=\"Vuokram\u00f6kit\">[&#8230;]<\/a><\/p>\n<\/div>","protected":false},"author":1,"featured_media":0,"parent":0,"menu_order":0,"comment_status":"closed","ping_status":"closed","template":"","meta":{"ngg_post_thumbnail":0},"_links":{"self":[{"href":"https:\/\/www.lonkilanlomat.com\/index.php?rest_route=\/wp\/v2\/pages\/18"}],"collection":[{"href":"https:\/\/www.lonkilanlomat.com\/index.php?rest_route=\/wp\/v2\/pages"}],"about":[{"href":"https:\/\/www.lonkilanlomat.com\/index.php?rest_route=\/wp\/v2\/types\/page"}],"author":[{"embeddable":true,"href":"https:\/\/www.lonkilanlomat.com\/index.php?rest_route=\/wp\/v2\/users\/1"}],"replies":[{"embeddable":true,"href":"https:\/\/www.lonkilanlomat.com\/index.php?rest_route=%2Fwp%2Fv2%2Fcomments&post=18"}],"version-history":[{"count":28,"href":"https:\/\/www.lonkilanlomat.com\/index.php?rest_route=\/wp\/v2\/pages\/18\/revisions"}],"predecessor-version":[{"id":172,"href":"https:\/\/www.lonkilanlomat.com\/index.php?rest_route=\/wp\/v2\/pages\/18\/revisions\/172"}],"wp:attachment":[{"href":"https:\/\/www.lonkilanlomat.com\/index.php?rest_route=%2Fwp%2Fv2%2Fmedia&parent=18"}],"curies":[{"name":"wp","href":"https:\/\/api.w.org\/{rel}","templated":true}]}}