{"id":11,"date":"2020-10-17T08:25:38","date_gmt":"2020-10-17T08:25:38","guid":{"rendered":"https:\/\/lonkilan.netfinn.info\/wp\/?page_id=11"},"modified":"2020-11-20T16:00:42","modified_gmt":"2020-11-20T16:00:42","slug":"tervetuloa-viihtymaan","status":"publish","type":"page","link":"https:\/\/www.lonkilanlomat.com\/","title":{"rendered":"Tervetuloa viihtym\u00e4\u00e4n"},"content":{"rendered":"\n<p>Lonkilan lomat on lomapalveluita tarjoava yritys Kiuruvedell\u00e4, Pohjois-Savossa. <br>Yrityksell\u00e4 on omistuksessaan kaksi korkeatasoista lomataloa Kiuruvedell\u00e4, Toiviaisj\u00e4rven rannalla.<br><br>Vuokrattavat tilat sijaitsevat luonnonrauhassa keskell\u00e4 aitoa suomalaista maalaismaisemaa, peltojen, metsien ja j\u00e4rven ymp\u00e4r\u00f6im\u00e4n\u00e4. <br>Meille voi tulla olemaan ja rentoutumaan sek\u00e4 nauttimaan luonnosta ja upeasta ilta-auringosta. L\u00e4hist\u00f6ll\u00e4 on upeat ulkoilumahdollisuudet mm. Paljakanvuoren luontopolku.<br>Vuokraamme taloa yksityisille, yrityksille ja yhteis\u00f6ille.<br>Tilat tarjoavat my\u00f6s hyv\u00e4t puitteet kokousten j\u00e4rjest\u00e4miseen, pikkujouluihin, saunailtoihin, syntym\u00e4p\u00e4iviin ja muihin juhlatilaisuuksiin.<\/p>\n\n\n\n<p><strong>Tervetuloa!<\/strong><br><em>Maija ja Timo L\u00e5ng \/ Lonkilan lomat<\/em><\/p>\n","protected":false},"excerpt":{"rendered":"<div class=\"mh-excerpt\"><p>Lonkilan lomat on lomapalveluita tarjoava yritys Kiuruvedell\u00e4, Pohjois-Savossa. Yrityksell\u00e4 on omistuksessaan kaksi korkeatasoista lomataloa Kiuruvedell\u00e4, Toiviaisj\u00e4rven rannalla. Vuokrattavat tilat sijaitsevat luonnonrauhassa keskell\u00e4 aitoa suomalaista maalaismaisemaa, <a class=\"mh-excerpt-more\" href=\"https:\/\/www.lonkilanlomat.com\/\" title=\"Tervetuloa viihtym\u00e4\u00e4n\">[&#8230;]<\/a><\/p>\n<\/div>","protected":false},"author":1,"featured_media":0,"parent":0,"menu_order":0,"comment_status":"closed","ping_status":"closed","template":"","meta":{"ngg_post_thumbnail":0},"_links":{"self":[{"href":"https:\/\/www.lonkilanlomat.com\/index.php?rest_route=\/wp\/v2\/pages\/11"}],"collection":[{"href":"https:\/\/www.lonkilanlomat.com\/index.php?rest_route=\/wp\/v2\/pages"}],"about":[{"href":"https:\/\/www.lonkilanlomat.com\/index.php?rest_route=\/wp\/v2\/types\/page"}],"author":[{"embeddable":true,"href":"https:\/\/www.lonkilanlomat.com\/index.php?rest_route=\/wp\/v2\/users\/1"}],"replies":[{"embeddable":true,"href":"https:\/\/www.lonkilanlomat.com\/index.php?rest_route=%2Fwp%2Fv2%2Fcomments&post=11"}],"version-history":[{"count":6,"href":"https:\/\/www.lonkilanlomat.com\/index.php?rest_route=\/wp\/v2\/pages\/11\/revisions"}],"predecessor-version":[{"id":245,"href":"https:\/\/www.lonkilanlomat.com\/index.php?rest_route=\/wp\/v2\/pages\/11\/revisions\/245"}],"wp:attachment":[{"href":"https:\/\/www.lonkilanlomat.com\/index.php?rest_route=%2Fwp%2Fv2%2Fmedia&parent=11"}],"curies":[{"name":"wp","href":"https:\/\/api.w.org\/{rel}","templated":true}]}}